{"id":4349,"date":"2018-04-26T11:39:39","date_gmt":"2018-04-26T11:39:39","guid":{"rendered":"http:\/\/yoursmarthost.net\/~aakamp\/en\/?page_id=4349"},"modified":"2021-03-23T09:28:52","modified_gmt":"2021-03-23T08:28:52","slug":"jobangebote","status":"publish","type":"page","link":"https:\/\/www.aakamp.de\/en\/job-offers\/","title":{"rendered":"Job Offers"},"content":{"rendered":"<p><\/p>\n\n\n\n<p style=\"margin-top: 90px;\"><code><section class=\"job-listing row clearfix\" aria-label=\"Job listings\"><div class=\"column medium-12 col-md-12\" role=\"list\"><article class=\"job-preview clearfix\" role=\"article\" aria-labelledby=\"job-title-9168\"><div class=\"job-content\"><h5><a href=\"https:\/\/www.aakamp.de\/en\/job\/de-produktionsmitarbeiter-m-w-d-2-2-2\/\" id=\"job-title-9168\" target=\"_self\"><span>Instandhaltungsmitarbeiter (m\/w\/d) <\/span><\/a><\/h5><div class=\"job-additional-information\" aria-label=\"Additional job information\"><div class=\"job_custom_message\">F\u00fcr unseren Standort in Breddorf suchen wir ab sofort einen Instandhaltungsmitarbeiter (m\/w\/d). Zu den Aufgaben geh\u00f6ren unter anderem Reparatur, Wartung und Instandsetzung von Maschinen und Anlagen.<\/div><\/div><\/div><div class=\"job-cta\"><a href=\"https:\/\/www.aakamp.de\/en\/job\/de-produktionsmitarbeiter-m-w-d-2-2-2\/\" target=\"_self\" class=\"apply-btn local\" aria-label=\"View job: Instandhaltungsmitarbeiter (m\/w\/d) \">View<\/a><\/div><\/article><article class=\"job-preview clearfix\" role=\"article\" aria-labelledby=\"job-title-9114\"><div class=\"job-content\"><h5><a href=\"https:\/\/www.aakamp.de\/en\/job\/de-produktionsmitarbeiter-m-w-d-2-2\/\" id=\"job-title-9114\" target=\"_self\"><span>Produktionsmitarbeiter (m\/w\/d) <\/span><\/a><\/h5><div class=\"job-additional-information\" aria-label=\"Additional job information\"><div class=\"job_custom_message\">F\u00fcr unseren Standort in Breddorf suchen wir ab sofort einen Produktionsmitarbeiter (m\/w\/d). Zu den Aufgaben geh\u00f6ren Einrichtung, Umr\u00fcstung und Bedienung von Produktionsmaschinen, sowie Qualit\u00e4tskontrolle und Dokumentation.<\/div><\/div><\/div><div class=\"job-cta\"><a href=\"https:\/\/www.aakamp.de\/en\/job\/de-produktionsmitarbeiter-m-w-d-2-2\/\" target=\"_self\" class=\"apply-btn local\" aria-label=\"View job: Produktionsmitarbeiter (m\/w\/d) \">View<\/a><\/div><\/article><\/div><\/section><\/code><br><\/p>\n\n\n<p>[vc_row el_class=&#8221;about_page_1&#8243;][vc_column][vc_column_text]<\/p>\n<h2>Welcome to the Aakamp team<\/h2>\n<p>As a <a href=\"https:\/\/www.aakamp.de\/en\/contract-manufacturing\/\">contract manufacturer of food supplements and dietary foods<\/a>, we work with sensitive products that are synonymous with wellbeing, regeneration and wellness. While it certainly makes us feel good, it\u2019s a huge responsibility too\u00a0\u2013 yet we rise to the challenge day in, day out with our dedicated team. All the while working to our high standards, enjoying what we do, having fun and making the most of plenty of creature comforts, including:[\/vc_column_text]<div class=\"grve-element grve-list grve-list- \" style=\"\"><ul>\n<li>Modern, air-conditioned workplaces with lots of light<\/li>\n<li>Flat hierarchies and a sense of family unity<\/li>\n<li>Flexible working hours<\/li>\n<li>Modern and individual work equipment<\/li>\n<li>Comprehensive training and work preparation<\/li>\n<li>Encouragement to take initiative and contribute ideas<\/li>\n<li>Further training opportunities, both internally and externally<\/li>\n<li>Good transport links\/close to the university (Bremen site)<\/li>\n<li>Goodies such as free drinks<\/li>\n<li>Company sports activities (Bremen site)<\/li>\n<li>In-house masseur (production site)<\/li>\n<\/ul>\n<p><strong>Interested? We look forward to receiving your speculative application!<\/strong><\/p>\n<\/div>[\/vc_column][\/vc_row]<\/p>","protected":false},"excerpt":{"rendered":"<p>[vc_row el_class=&#8221;about_page_1&#8243;][vc_column][vc_column_text] Welcome to the Aakamp team As a contract manufacturer of food supplements and dietary foods, we work with sensitive products that are synonymous with wellbeing, regeneration and wellness. While it certainly makes us feel good, it\u2019s a huge responsibility too\u00a0\u2013 yet we rise to the challenge day in, day out with our dedicated<a class=\"grve-read-more\" href=\"https:\/\/www.aakamp.de\/en\/job\/de-produktionsmitarbeiter-m-w-d-2-2\/\"><span>read more<\/span><\/a><\/p>\n","protected":false},"author":1,"featured_media":0,"parent":0,"menu_order":0,"comment_status":"closed","ping_status":"closed","template":"","meta":{"inline_featured_image":false},"_links":{"self":[{"href":"https:\/\/www.aakamp.de\/en\/wp-json\/wp\/v2\/pages\/4349"}],"collection":[{"href":"https:\/\/www.aakamp.de\/en\/wp-json\/wp\/v2\/pages"}],"about":[{"href":"https:\/\/www.aakamp.de\/en\/wp-json\/wp\/v2\/types\/page"}],"author":[{"embeddable":true,"href":"https:\/\/www.aakamp.de\/en\/wp-json\/wp\/v2\/users\/1"}],"replies":[{"embeddable":true,"href":"https:\/\/www.aakamp.de\/en\/wp-json\/wp\/v2\/comments?post=4349"}],"version-history":[{"count":18,"href":"https:\/\/www.aakamp.de\/en\/wp-json\/wp\/v2\/pages\/4349\/revisions"}],"predecessor-version":[{"id":8379,"href":"https:\/\/www.aakamp.de\/en\/wp-json\/wp\/v2\/pages\/4349\/revisions\/8379"}],"wp:attachment":[{"href":"https:\/\/www.aakamp.de\/en\/wp-json\/wp\/v2\/media?parent=4349"}],"curies":[{"name":"wp","href":"https:\/\/api.w.org\/{rel}","templated":true}]}}